{"id":1678,"date":"2021-04-14T17:19:04","date_gmt":"2021-04-14T17:19:04","guid":{"rendered":"https:\/\/www.glykeria.com\/location\/"},"modified":"2021-06-11T14:24:03","modified_gmt":"2021-06-11T11:24:03","slug":"location","status":"publish","type":"page","link":"https:\/\/www.glykeria.com\/de\/location\/","title":{"rendered":"Lage"},"content":{"rendered":"\t\t<div data-elementor-type=\"wp-page\" data-elementor-id=\"1678\" class=\"elementor elementor-1678 elementor-297\" data-elementor-settings=\"[]\">\n\t\t\t\t\t\t\t<div class=\"elementor-section-wrap\">\n\t\t\t\t\t\t\t<section class=\"elementor-section elementor-top-section elementor-element elementor-element-6061fa81 elementor-section-boxed elementor-section-height-default elementor-section-height-default\" data-id=\"6061fa81\" data-element_type=\"section\" data-settings=\"{&quot;background_background&quot;:&quot;classic&quot;}\">\n\t\t\t\t\t\t<div class=\"elementor-container elementor-column-gap-default\">\n\t\t\t\t\t<div class=\"elementor-column elementor-col-100 elementor-top-column elementor-element elementor-element-50d53df\" data-id=\"50d53df\" data-element_type=\"column\">\n\t\t\t<div class=\"elementor-widget-wrap elementor-element-populated\">\n\t\t\t\t\t\t\t\t<div class=\"elementor-element elementor-element-c47b0cb elementor-widget elementor-widget-text-editor\" data-id=\"c47b0cb\" data-element_type=\"widget\" data-widget_type=\"text-editor.default\">\n\t\t\t\t<div class=\"elementor-widget-container\">\n\t\t\t\t\t<div class=\"elementor-text-editor elementor-clearfix\"><p>ENTDECKEN SIE WESTKRETA<\/p><\/div>\n\t\t\t\t<\/div>\n\t\t\t\t<\/div>\n\t\t\t\t<section class=\"elementor-section elementor-inner-section elementor-element elementor-element-d7f506c elementor-section-boxed elementor-section-height-default elementor-section-height-default\" data-id=\"d7f506c\" data-element_type=\"section\">\n\t\t\t\t\t\t<div class=\"elementor-container elementor-column-gap-default\">\n\t\t\t\t\t<div class=\"elementor-column elementor-col-50 elementor-inner-column elementor-element elementor-element-3c8b2eb elementor-hidden-tablet elementor-hidden-phone\" data-id=\"3c8b2eb\" data-element_type=\"column\">\n\t\t\t<div class=\"elementor-widget-wrap\">\n\t\t\t\t\t\t\t\t\t<\/div>\n\t\t<\/div>\n\t\t\t\t<div class=\"elementor-column elementor-col-50 elementor-inner-column elementor-element elementor-element-14fa53f\" data-id=\"14fa53f\" data-element_type=\"column\">\n\t\t\t<div class=\"elementor-widget-wrap elementor-element-populated\">\n\t\t\t\t\t\t\t\t<div class=\"elementor-element elementor-element-3413223 elementor-widget elementor-widget-image\" data-id=\"3413223\" data-element_type=\"widget\" data-widget_type=\"image.default\">\n\t\t\t\t<div class=\"elementor-widget-container\">\n\t\t\t\t\t<div class=\"elementor-image\">\n\t\t\t\t\t\t\t\t\t\t<img loading=\"lazy\" decoding=\"async\" width=\"697\" height=\"140\" src=\"https:\/\/www.glykeria.com\/wp-content\/uploads\/2021\/04\/location.png\" class=\"attachment-full size-full\" alt=\"\" srcset=\"https:\/\/www.glykeria.com\/wp-content\/uploads\/2021\/04\/location.png 697w, https:\/\/www.glykeria.com\/wp-content\/uploads\/2021\/04\/location-300x60.png 300w\" sizes=\"(max-width: 697px) 100vw, 697px\" \/>\t\t\t\t\t\t\t\t\t\t\t<\/div>\n\t\t\t\t<\/div>\n\t\t\t\t<\/div>\n\t\t\t\t\t<\/div>\n\t\t<\/div>\n\t\t\t\t\t\t\t<\/div>\n\t\t<\/section>\n\t\t\t\t\t<\/div>\n\t\t<\/div>\n\t\t\t\t\t\t\t<\/div>\n\t\t<\/section>\n\t\t\t\t<section class=\"elementor-section elementor-top-section elementor-element elementor-element-11d6f22 elementor-section-content-top elementor-section-boxed elementor-section-height-default elementor-section-height-default\" data-id=\"11d6f22\" data-element_type=\"section\" data-settings=\"{&quot;background_background&quot;:&quot;classic&quot;}\">\n\t\t\t\t\t\t<div class=\"elementor-container elementor-column-gap-default\">\n\t\t\t\t\t<div class=\"elementor-column elementor-col-50 elementor-top-column elementor-element elementor-element-cff958f\" data-id=\"cff958f\" data-element_type=\"column\">\n\t\t\t<div class=\"elementor-widget-wrap elementor-element-populated\">\n\t\t\t\t\t\t\t\t<div class=\"elementor-element elementor-element-05eca3b elementor-widget elementor-widget-text-editor\" data-id=\"05eca3b\" data-element_type=\"widget\" data-widget_type=\"text-editor.default\">\n\t\t\t\t<div class=\"elementor-widget-container\">\n\t\t\t\t\t<div class=\"elementor-text-editor elementor-clearfix\"><p>Das Hotel Glykeria liegt s\u00fcdwestlich von Kreta an einem der idealsten Orte f\u00fcr Reisende, die seine exotischen Landschaften und m\u00e4rchenhaften Str\u00e4nde erkunden m\u00f6chten.<\/p><p>\u00a0<\/p><\/div>\n\t\t\t\t<\/div>\n\t\t\t\t<\/div>\n\t\t\t\t<div class=\"elementor-element elementor-element-6929db5 elementor-widget elementor-widget-image\" data-id=\"6929db5\" data-element_type=\"widget\" data-widget_type=\"image.default\">\n\t\t\t\t<div class=\"elementor-widget-container\">\n\t\t\t\t\t<div class=\"elementor-image\">\n\t\t\t\t\t\t\t\t\t\t<img loading=\"lazy\" decoding=\"async\" width=\"800\" height=\"533\" src=\"https:\/\/www.glykeria.com\/wp-content\/uploads\/2021\/04\/jpegelafonhssiglykeria.jpg\" class=\"attachment-large size-large\" alt=\"elafonisi glykeria hotel\" srcset=\"https:\/\/www.glykeria.com\/wp-content\/uploads\/2021\/04\/jpegelafonhssiglykeria.jpg 894w, https:\/\/www.glykeria.com\/wp-content\/uploads\/2021\/04\/jpegelafonhssiglykeria-300x200.jpg 300w, https:\/\/www.glykeria.com\/wp-content\/uploads\/2021\/04\/jpegelafonhssiglykeria-768x512.jpg 768w\" sizes=\"(max-width: 800px) 100vw, 800px\" \/>\t\t\t\t\t\t\t\t\t\t\t<\/div>\n\t\t\t\t<\/div>\n\t\t\t\t<\/div>\n\t\t\t\t\t<\/div>\n\t\t<\/div>\n\t\t\t\t<div class=\"elementor-column elementor-col-50 elementor-top-column elementor-element elementor-element-510c038\" data-id=\"510c038\" data-element_type=\"column\">\n\t\t\t<div class=\"elementor-widget-wrap elementor-element-populated\">\n\t\t\t\t\t\t\t\t<div class=\"elementor-element elementor-element-31406f2 elementor-widget elementor-widget-text-editor\" data-id=\"31406f2\" data-element_type=\"widget\" data-widget_type=\"text-editor.default\">\n\t\t\t\t<div class=\"elementor-widget-container\">\n\t\t\t\t\t<div class=\"elementor-text-editor elementor-clearfix\"><p>Nur wenige Meter vom Hotel entfernt befindet sich das Kloster PanagiaChrysoskalitissa, ein Nonnenkloster in Form einer Festung, das auf einem 35 Meter hohen Felsen erbaut wurde. Das Kloster hat 90 Stufen, von denen einer der Legende nach eine goldene war, und wer sie \u00fcberquert, wird mit dem Genuss des Blicks auf das Libysche Meer von oben belohnt.<\/p><\/div>\n\t\t\t\t<\/div>\n\t\t\t\t<\/div>\n\t\t\t\t<div class=\"elementor-element elementor-element-9f44163 elementor-widget elementor-widget-image\" data-id=\"9f44163\" data-element_type=\"widget\" data-widget_type=\"image.default\">\n\t\t\t\t<div class=\"elementor-widget-container\">\n\t\t\t\t\t<div class=\"elementor-image\">\n\t\t\t\t\t\t\t\t\t\t<img loading=\"lazy\" decoding=\"async\" width=\"672\" height=\"245\" src=\"https:\/\/www.glykeria.com\/wp-content\/uploads\/2021\/04\/falasarnaglykeria.png\" class=\"attachment-large size-large\" alt=\"falasarna glykeria hotel\" srcset=\"https:\/\/www.glykeria.com\/wp-content\/uploads\/2021\/04\/falasarnaglykeria.png 672w, https:\/\/www.glykeria.com\/wp-content\/uploads\/2021\/04\/falasarnaglykeria-300x109.png 300w\" sizes=\"(max-width: 672px) 100vw, 672px\" \/>\t\t\t\t\t\t\t\t\t\t\t<\/div>\n\t\t\t\t<\/div>\n\t\t\t\t<\/div>\n\t\t\t\t\t<\/div>\n\t\t<\/div>\n\t\t\t\t\t\t\t<\/div>\n\t\t<\/section>\n\t\t\t\t\t\t<\/div>\n\t\t\t\t\t<\/div>\n\t\t","protected":false},"excerpt":{"rendered":"<p>ENTDECKEN SIE WESTKRETA Das Hotel Glykeria liegt s\u00fcdwestlich von Kreta an einem der idealsten Orte f\u00fcr Reisende, die seine exotischen Landschaften und m\u00e4rchenhaften Str\u00e4nde erkunden m\u00f6chten. \u00a0 Nur wenige Meter vom Hotel entfernt befindet sich das Kloster PanagiaChrysoskalitissa, ein Nonnenkloster in Form einer Festung, das auf einem 35 Meter hohen Felsen erbaut wurde. Das Kloster [&hellip;]<\/p>\n","protected":false},"author":1,"featured_media":0,"parent":0,"menu_order":0,"comment_status":"closed","ping_status":"closed","template":"","meta":{"ngg_post_thumbnail":0,"footnotes":""},"_links":{"self":[{"href":"https:\/\/www.glykeria.com\/de\/wp-json\/wp\/v2\/pages\/1678"}],"collection":[{"href":"https:\/\/www.glykeria.com\/de\/wp-json\/wp\/v2\/pages"}],"about":[{"href":"https:\/\/www.glykeria.com\/de\/wp-json\/wp\/v2\/types\/page"}],"author":[{"embeddable":true,"href":"https:\/\/www.glykeria.com\/de\/wp-json\/wp\/v2\/users\/1"}],"replies":[{"embeddable":true,"href":"https:\/\/www.glykeria.com\/de\/wp-json\/wp\/v2\/comments?post=1678"}],"version-history":[{"count":5,"href":"https:\/\/www.glykeria.com\/de\/wp-json\/wp\/v2\/pages\/1678\/revisions"}],"predecessor-version":[{"id":1692,"href":"https:\/\/www.glykeria.com\/de\/wp-json\/wp\/v2\/pages\/1678\/revisions\/1692"}],"wp:attachment":[{"href":"https:\/\/www.glykeria.com\/de\/wp-json\/wp\/v2\/media?parent=1678"}],"curies":[{"name":"wp","href":"https:\/\/api.w.org\/{rel}","templated":true}]}}