{"id":1640,"date":"2021-04-14T12:16:51","date_gmt":"2021-04-14T12:16:51","guid":{"rendered":"https:\/\/www.glykeria.com\/about-us\/"},"modified":"2021-06-11T14:17:07","modified_gmt":"2021-06-11T11:17:07","slug":"about-us","status":"publish","type":"page","link":"https:\/\/www.glykeria.com\/de\/about-us\/","title":{"rendered":"\u00fcber uns"},"content":{"rendered":"\t\t<div data-elementor-type=\"wp-page\" data-elementor-id=\"1640\" class=\"elementor elementor-1640 elementor-220\" data-elementor-settings=\"[]\">\n\t\t\t\t\t\t\t<div class=\"elementor-section-wrap\">\n\t\t\t\t\t\t\t<section class=\"elementor-section elementor-top-section elementor-element elementor-element-6061fa81 elementor-section-boxed elementor-section-height-default elementor-section-height-default\" data-id=\"6061fa81\" data-element_type=\"section\" data-settings=\"{&quot;background_background&quot;:&quot;classic&quot;}\">\n\t\t\t\t\t\t<div class=\"elementor-container elementor-column-gap-default\">\n\t\t\t\t\t<div class=\"elementor-column elementor-col-100 elementor-top-column elementor-element elementor-element-50d53df\" data-id=\"50d53df\" data-element_type=\"column\">\n\t\t\t<div class=\"elementor-widget-wrap elementor-element-populated\">\n\t\t\t\t\t\t\t\t<div class=\"elementor-element elementor-element-219eda93 elementor-widget elementor-widget-text-editor\" data-id=\"219eda93\" data-element_type=\"widget\" data-widget_type=\"text-editor.default\">\n\t\t\t\t<div class=\"elementor-widget-container\">\n\t\t\t\t\t<div class=\"elementor-text-editor elementor-clearfix\"><p>WILLKOMMEN IM GLYKERIA HOTEL<\/p><\/div>\n\t\t\t\t<\/div>\n\t\t\t\t<\/div>\n\t\t\t\t<section class=\"elementor-section elementor-inner-section elementor-element elementor-element-5cf22ca elementor-section-boxed elementor-section-height-default elementor-section-height-default\" data-id=\"5cf22ca\" data-element_type=\"section\">\n\t\t\t\t\t\t<div class=\"elementor-container elementor-column-gap-default\">\n\t\t\t\t\t<div class=\"elementor-column elementor-col-50 elementor-inner-column elementor-element elementor-element-a096233 elementor-hidden-tablet elementor-hidden-phone\" data-id=\"a096233\" data-element_type=\"column\">\n\t\t\t<div class=\"elementor-widget-wrap\">\n\t\t\t\t\t\t\t\t\t<\/div>\n\t\t<\/div>\n\t\t\t\t<div class=\"elementor-column elementor-col-50 elementor-inner-column elementor-element elementor-element-0832061\" data-id=\"0832061\" data-element_type=\"column\">\n\t\t\t<div class=\"elementor-widget-wrap elementor-element-populated\">\n\t\t\t\t\t\t\t\t<div class=\"elementor-element elementor-element-3669038 elementor-widget elementor-widget-image\" data-id=\"3669038\" data-element_type=\"widget\" data-widget_type=\"image.default\">\n\t\t\t\t<div class=\"elementor-widget-container\">\n\t\t\t\t\t<div class=\"elementor-image\">\n\t\t\t\t\t\t\t\t\t\t<img loading=\"lazy\" decoding=\"async\" width=\"697\" height=\"140\" src=\"https:\/\/www.glykeria.com\/wp-content\/uploads\/2021\/04\/aboutus.png\" class=\"attachment-full size-full\" alt=\"\" srcset=\"https:\/\/www.glykeria.com\/wp-content\/uploads\/2021\/04\/aboutus.png 697w, https:\/\/www.glykeria.com\/wp-content\/uploads\/2021\/04\/aboutus-300x60.png 300w\" sizes=\"(max-width: 697px) 100vw, 697px\" \/>\t\t\t\t\t\t\t\t\t\t\t<\/div>\n\t\t\t\t<\/div>\n\t\t\t\t<\/div>\n\t\t\t\t\t<\/div>\n\t\t<\/div>\n\t\t\t\t\t\t\t<\/div>\n\t\t<\/section>\n\t\t\t\t\t<\/div>\n\t\t<\/div>\n\t\t\t\t\t\t\t<\/div>\n\t\t<\/section>\n\t\t\t\t<section class=\"elementor-section elementor-top-section elementor-element elementor-element-11d6f22 elementor-section-content-top elementor-section-boxed elementor-section-height-default elementor-section-height-default\" data-id=\"11d6f22\" data-element_type=\"section\" data-settings=\"{&quot;background_background&quot;:&quot;classic&quot;}\">\n\t\t\t\t\t\t<div class=\"elementor-container elementor-column-gap-default\">\n\t\t\t\t\t<div class=\"elementor-column elementor-col-50 elementor-top-column elementor-element elementor-element-cff958f\" data-id=\"cff958f\" data-element_type=\"column\">\n\t\t\t<div class=\"elementor-widget-wrap elementor-element-populated\">\n\t\t\t\t\t\t\t\t<div class=\"elementor-element elementor-element-05eca3b elementor-widget elementor-widget-text-editor\" data-id=\"05eca3b\" data-element_type=\"widget\" data-widget_type=\"text-editor.default\">\n\t\t\t\t<div class=\"elementor-widget-container\">\n\t\t\t\t\t<div class=\"elementor-text-editor elementor-clearfix\"><p>Das Glykeria Hotel liegt s\u00fcdwestlich von Kreta, wo die Zeit stehen bleibt und ein Gef\u00fchl der Ruhe in die Atmosph\u00e4re str\u00f6mt. Genie\u00dfen Sie die nat\u00fcrliche Sch\u00f6nheit der wilden kretischen Landschaft kombiniert mit dem tiefen Blau des Meeres. Alle Zimmer haben Meerblick und sind mit allem ausgestattet, was Sie f\u00fcr Ihren unbeschwerten Urlaub in Chania ben\u00f6tigen. Unser gepflegter Innenhof, die gro\u00dfen Sitzpuffs und bequemen Kissen bieten Ihnen w\u00e4hrend Ihres Aufenthalts im Glykeria Hotel Momente der Entspannung und Gelassenheit.<\/p><\/div>\n\t\t\t\t<\/div>\n\t\t\t\t<\/div>\n\t\t\t\t<div class=\"elementor-element elementor-element-6929db5 elementor-widget elementor-widget-image\" data-id=\"6929db5\" data-element_type=\"widget\" data-widget_type=\"image.default\">\n\t\t\t\t<div class=\"elementor-widget-container\">\n\t\t\t\t\t<div class=\"elementor-image\">\n\t\t\t\t\t\t\t\t\t\t<img loading=\"lazy\" decoding=\"async\" width=\"800\" height=\"533\" src=\"https:\/\/www.glykeria.com\/wp-content\/uploads\/2021\/04\/glykeriahomeabout.jpg\" class=\"attachment-large size-large\" alt=\"Accommodation in Elafonisi Chania Crete\" srcset=\"https:\/\/www.glykeria.com\/wp-content\/uploads\/2021\/04\/glykeriahomeabout.jpg 894w, https:\/\/www.glykeria.com\/wp-content\/uploads\/2021\/04\/glykeriahomeabout-300x200.jpg 300w, https:\/\/www.glykeria.com\/wp-content\/uploads\/2021\/04\/glykeriahomeabout-768x512.jpg 768w\" sizes=\"(max-width: 800px) 100vw, 800px\" \/>\t\t\t\t\t\t\t\t\t\t\t<\/div>\n\t\t\t\t<\/div>\n\t\t\t\t<\/div>\n\t\t\t\t\t<\/div>\n\t\t<\/div>\n\t\t\t\t<div class=\"elementor-column elementor-col-50 elementor-top-column elementor-element elementor-element-510c038\" data-id=\"510c038\" data-element_type=\"column\">\n\t\t\t<div class=\"elementor-widget-wrap elementor-element-populated\">\n\t\t\t\t\t\t\t\t<div class=\"elementor-element elementor-element-90f2942 elementor-widget elementor-widget-heading\" data-id=\"90f2942\" data-element_type=\"widget\" data-widget_type=\"heading.default\">\n\t\t\t\t<div class=\"elementor-widget-container\">\n\t\t\t<h2 class=\"elementor-heading-title elementor-size-default\">Geschichte des Glykeria Hotels<\/h2>\t\t<\/div>\n\t\t\t\t<\/div>\n\t\t\t\t<div class=\"elementor-element elementor-element-31406f2 elementor-widget elementor-widget-text-editor\" data-id=\"31406f2\" data-element_type=\"widget\" data-widget_type=\"text-editor.default\">\n\t\t\t\t<div class=\"elementor-widget-container\">\n\t\t\t\t\t<div class=\"elementor-text-editor elementor-clearfix\">Die Geschichte des Glykeria Hotels reicht bis in die 70er Jahre zur\u00fcck, als unser Gro\u00dfvater und unsere Gro\u00dfmutter \u201eGlykeria\u201c oft das Kloster Chrysoskalitissa besuchten. Unsere Gro\u00dfmutter hatte gesundheitliche Probleme, und wenn sie das jeweilige Kloster und die jeweilige Gegend besuchte, ging es ihr besser.<br><br>\nDa ihre Besuche im Kloster Chrysoskalitissa immer h\u00e4ufiger wurden, beschlossen sie, ein Haus als Landhaus zu bauen. Nach einer Weile beschlossen sie, die H\u00fctte zu einem dauerhaften Wohnsitz zu machen.\n\nIhre Liebe zur Gastfreundschaft veranlasste sie 1979, eine kleine Taverne mit wenigen Zimmern zu bauen, als es in der Gegend weder Strom noch Wasser gab.\n<br><br>\nEs gab einen Generator, mit dem sie f\u00fcr ein paar Stunden Strom hatten und das Wasser wurde aus den D\u00f6rfern auf dem Berg geliefert, wohin sie gingen und jede Nacht nach Schichtschluss F\u00e4sser f\u00fcllten.\n\nUnsere Gro\u00dfeltern zeichneten sich durch Gastfreundschaft und Liebe zu ihren Mitmenschen aus, und das sp\u00fcrten auch die, die sie kannten. Sie k\u00fcmmerten sich um die G\u00e4ste, transportierten sie und f\u00fchrten sie zu verschiedenen Orten, um sicherzustellen, dass sie eine sch\u00f6ne Zeit hatten, w\u00e4hrend sie gleichzeitig eine Taverne bauten, die den Besuchern einfache und traditionelle Aromen bietet.\n<br><br>\n1993 kehrten auch unsere Eltern Vangelis und Agnetta aus Schweden zur\u00fcck, wo unsere Mutter herkommt, und als sie die Vision unserer Gro\u00dfeltern sahen, folgten sie dem gleichen Weg beim Bau von G\u00e4stezimmern (dem heutigen Glykeria Hotel). Im Laufe der Jahre entwickelte sich das Gesch\u00e4ft nach und nach, w\u00e4hrend 2004 der Hotelpool gebaut wurde.\n\nIm Jahr 2012 wurde der Betrieb von uns Kindern, Glykeria, Nikos und Michalis, \u00fcbernommen, wobei die Mentalit\u00e4t der Werte sowohl unserer Eltern als auch unserer Gro\u00dfeltern beibehalten wurde und versucht wurde, unseren Besuchern die beste Gastfreundschaft zu bieten.<\/div>\n\t\t\t\t<\/div>\n\t\t\t\t<\/div>\n\t\t\t\t<div class=\"elementor-element elementor-element-9f44163 elementor-widget elementor-widget-image\" data-id=\"9f44163\" data-element_type=\"widget\" data-widget_type=\"image.default\">\n\t\t\t\t<div class=\"elementor-widget-container\">\n\t\t\t\t\t<div class=\"elementor-image\">\n\t\t\t\t\t\t\t\t\t\t<img loading=\"lazy\" decoding=\"async\" width=\"672\" height=\"245\" src=\"https:\/\/www.glykeria.com\/wp-content\/uploads\/2021\/04\/glykeriahomeaboutsmall-1.jpg\" class=\"attachment-large size-large\" alt=\"Relaxation in Glykeria hotel, Elafonisi\" srcset=\"https:\/\/www.glykeria.com\/wp-content\/uploads\/2021\/04\/glykeriahomeaboutsmall-1.jpg 672w, https:\/\/www.glykeria.com\/wp-content\/uploads\/2021\/04\/glykeriahomeaboutsmall-1-300x109.jpg 300w\" sizes=\"(max-width: 672px) 100vw, 672px\" \/>\t\t\t\t\t\t\t\t\t\t\t<\/div>\n\t\t\t\t<\/div>\n\t\t\t\t<\/div>\n\t\t\t\t\t<\/div>\n\t\t<\/div>\n\t\t\t\t\t\t\t<\/div>\n\t\t<\/section>\n\t\t\t\t\t\t<\/div>\n\t\t\t\t\t<\/div>\n\t\t","protected":false},"excerpt":{"rendered":"<p>WILLKOMMEN IM GLYKERIA HOTEL Das Glykeria Hotel liegt s\u00fcdwestlich von Kreta, wo die Zeit stehen bleibt und ein Gef\u00fchl der Ruhe in die Atmosph\u00e4re str\u00f6mt. Genie\u00dfen Sie die nat\u00fcrliche Sch\u00f6nheit der wilden kretischen Landschaft kombiniert mit dem tiefen Blau des Meeres. Alle Zimmer haben Meerblick und sind mit allem ausgestattet, was Sie f\u00fcr Ihren unbeschwerten [&hellip;]<\/p>\n","protected":false},"author":1,"featured_media":0,"parent":0,"menu_order":0,"comment_status":"closed","ping_status":"closed","template":"","meta":{"ngg_post_thumbnail":0,"footnotes":""},"_links":{"self":[{"href":"https:\/\/www.glykeria.com\/de\/wp-json\/wp\/v2\/pages\/1640"}],"collection":[{"href":"https:\/\/www.glykeria.com\/de\/wp-json\/wp\/v2\/pages"}],"about":[{"href":"https:\/\/www.glykeria.com\/de\/wp-json\/wp\/v2\/types\/page"}],"author":[{"embeddable":true,"href":"https:\/\/www.glykeria.com\/de\/wp-json\/wp\/v2\/users\/1"}],"replies":[{"embeddable":true,"href":"https:\/\/www.glykeria.com\/de\/wp-json\/wp\/v2\/comments?post=1640"}],"version-history":[{"count":5,"href":"https:\/\/www.glykeria.com\/de\/wp-json\/wp\/v2\/pages\/1640\/revisions"}],"predecessor-version":[{"id":1675,"href":"https:\/\/www.glykeria.com\/de\/wp-json\/wp\/v2\/pages\/1640\/revisions\/1675"}],"wp:attachment":[{"href":"https:\/\/www.glykeria.com\/de\/wp-json\/wp\/v2\/media?parent=1640"}],"curies":[{"name":"wp","href":"https:\/\/api.w.org\/{rel}","templated":true}]}}